{"id":85,"date":"2018-11-29T00:05:56","date_gmt":"2018-11-28T23:05:56","guid":{"rendered":"http:\/\/celwes.de\/cms\/?page_id=85"},"modified":"2019-11-03T11:28:59","modified_gmt":"2019-11-03T10:28:59","slug":"kontakt","status":"publish","type":"page","link":"http:\/\/celwes.de\/cms\/index.php\/kontakt\/","title":{"rendered":"Kontakt"},"content":{"rendered":"<p><strong>Celwes GmbH<\/strong><\/p>\n<p><strong>Adresse<\/strong><br \/>\nHienlohestr. 24<br \/>\n83624 Otterfing<\/p>\n<p><strong>Telefon<\/strong><br \/>\n08024 &#8211; 475 1630<\/p>\n<p><strong>Telefax<\/strong><br \/>\n08024 &#8211; 475 1660<\/p>\n<p><strong>Mail<\/strong><br \/>\nInfo@celwes.de<\/p>\n<hr>\n<p><strong>Impressum<\/strong><\/p>\n<p>Celwes GmbH<\/p>\n<p>Hienlohestr. 24<\/p>\n<p>83624 Otterfing<\/p>\n<p>Registergericht M\u00fcnchen HRB 242988<\/p>\n<p>Gesch\u00e4ftsf\u00fchrender Gesellschafter: Christian L\u00fcder<\/p>\n","protected":false},"excerpt":{"rendered":"<p>Celwes GmbH Adresse Hienlohestr. 24 83624 Otterfing Telefon 08024 &#8211; 475 1630 Telefax 08024 &#8211; 475 1660 Mail Info@celwes.de Impressum Celwes GmbH Hienlohestr. 24 83624 Otterfing Registergericht M\u00fcnchen HRB 242988 Gesch\u00e4ftsf\u00fchrender Gesellschafter: Christian L\u00fcder<\/p>\n","protected":false},"author":1,"featured_media":147,"parent":0,"menu_order":0,"comment_status":"closed","ping_status":"closed","template":"","meta":[],"_links":{"self":[{"href":"http:\/\/celwes.de\/cms\/index.php\/wp-json\/wp\/v2\/pages\/85"}],"collection":[{"href":"http:\/\/celwes.de\/cms\/index.php\/wp-json\/wp\/v2\/pages"}],"about":[{"href":"http:\/\/celwes.de\/cms\/index.php\/wp-json\/wp\/v2\/types\/page"}],"author":[{"embeddable":true,"href":"http:\/\/celwes.de\/cms\/index.php\/wp-json\/wp\/v2\/users\/1"}],"replies":[{"embeddable":true,"href":"http:\/\/celwes.de\/cms\/index.php\/wp-json\/wp\/v2\/comments?post=85"}],"version-history":[{"count":7,"href":"http:\/\/celwes.de\/cms\/index.php\/wp-json\/wp\/v2\/pages\/85\/revisions"}],"predecessor-version":[{"id":161,"href":"http:\/\/celwes.de\/cms\/index.php\/wp-json\/wp\/v2\/pages\/85\/revisions\/161"}],"wp:featuredmedia":[{"embeddable":true,"href":"http:\/\/celwes.de\/cms\/index.php\/wp-json\/wp\/v2\/media\/147"}],"wp:attachment":[{"href":"http:\/\/celwes.de\/cms\/index.php\/wp-json\/wp\/v2\/media?parent=85"}],"curies":[{"name":"wp","href":"https:\/\/api.w.org\/{rel}","templated":true}]}}