{"id":87,"date":"2018-11-29T00:06:40","date_gmt":"2018-11-28T23:06:40","guid":{"rendered":"http:\/\/celwes.de\/cms\/?page_id=87"},"modified":"2019-11-03T11:52:40","modified_gmt":"2019-11-03T10:52:40","slug":"leistungen","status":"publish","type":"page","link":"http:\/\/celwes.de\/cms\/index.php\/startseite\/leistungen\/","title":{"rendered":"Leistungen"},"content":{"rendered":"<p>CELWES &#8211; Ihr Partner f\u00fcr<\/p>\n<p><strong>C<\/strong>ustomer <strong>E<\/strong>xperience, <strong>L<\/strong>ogistik,\u00a0<strong>W<\/strong>arehousing,\u00a0<strong>E<\/strong>-Commerce,\u00a0<strong>S<\/strong>ervice<\/p>\n<p>Jahrzehnte lange Erfahrung in der Abwicklung von Einzelhandels- und Versandlogistik\u00a0 flie\u00dfen in das Leistungsportfolio der Celwes GmbH ein!<\/p>\n<p>Angefangen von der klassischen Lagerlogistik (Wareneingang, Lagerung, Versand) \u00fcber die Kundenkommunikation bis hin zur Unterst\u00fctzung beim Aufbau einer Internet-Pr\u00e4senz &#8211; die Celwes GmbH steht Ihnen in all diesen Bereichen mit Rat und Tat zur Seite.<\/p>\n<p>Haben Sie Bedarf an sonstigen Dienstleistungen? Fragen Sie uns!<\/p>\n<p>Bei uns gilt noch das alte Sprichwort: <strong>Fragen kostet nichts<\/strong>!<\/p>\n","protected":false},"excerpt":{"rendered":"<p>CELWES &#8211; Ihr Partner f\u00fcr Customer Experience, Logistik,\u00a0Warehousing,\u00a0E-Commerce,\u00a0Service Jahrzehnte lange Erfahrung in der Abwicklung von Einzelhandels- und Versandlogistik\u00a0 flie\u00dfen in das Leistungsportfolio der Celwes GmbH ein! Angefangen von der klassischen Lagerlogistik (Wareneingang, Lagerung, Versand) \u00fcber die Kundenkommunikation bis hin zur Unterst\u00fctzung beim Aufbau einer Internet-Pr\u00e4senz &#8211; die Celwes GmbH steht Ihnen in all diesen Bereichen &hellip; <\/p>\n<p class=\"link-more\"><a href=\"http:\/\/celwes.de\/cms\/index.php\/startseite\/leistungen\/\" class=\"more-link\"><span class=\"screen-reader-text\">\u201eLeistungen\u201c<\/span> weiterlesen<\/a><\/p>\n","protected":false},"author":1,"featured_media":153,"parent":83,"menu_order":0,"comment_status":"closed","ping_status":"closed","template":"","meta":[],"_links":{"self":[{"href":"http:\/\/celwes.de\/cms\/index.php\/wp-json\/wp\/v2\/pages\/87"}],"collection":[{"href":"http:\/\/celwes.de\/cms\/index.php\/wp-json\/wp\/v2\/pages"}],"about":[{"href":"http:\/\/celwes.de\/cms\/index.php\/wp-json\/wp\/v2\/types\/page"}],"author":[{"embeddable":true,"href":"http:\/\/celwes.de\/cms\/index.php\/wp-json\/wp\/v2\/users\/1"}],"replies":[{"embeddable":true,"href":"http:\/\/celwes.de\/cms\/index.php\/wp-json\/wp\/v2\/comments?post=87"}],"version-history":[{"count":4,"href":"http:\/\/celwes.de\/cms\/index.php\/wp-json\/wp\/v2\/pages\/87\/revisions"}],"predecessor-version":[{"id":166,"href":"http:\/\/celwes.de\/cms\/index.php\/wp-json\/wp\/v2\/pages\/87\/revisions\/166"}],"up":[{"embeddable":true,"href":"http:\/\/celwes.de\/cms\/index.php\/wp-json\/wp\/v2\/pages\/83"}],"wp:featuredmedia":[{"embeddable":true,"href":"http:\/\/celwes.de\/cms\/index.php\/wp-json\/wp\/v2\/media\/153"}],"wp:attachment":[{"href":"http:\/\/celwes.de\/cms\/index.php\/wp-json\/wp\/v2\/media?parent=87"}],"curies":[{"name":"wp","href":"https:\/\/api.w.org\/{rel}","templated":true}]}}